{"id":94,"date":"2024-12-16T23:20:32","date_gmt":"2024-12-16T22:20:32","guid":{"rendered":"http:\/\/intercave.local\/en\/?page_id=94"},"modified":"2024-12-23T11:49:17","modified_gmt":"2024-12-23T10:49:17","slug":"contact","status":"publish","type":"page","link":"https:\/\/intercave.sav.sk\/en\/contact\/","title":{"rendered":"Contact"},"content":{"rendered":"\t\t<div data-elementor-type=\"wp-page\" data-elementor-id=\"94\" class=\"elementor elementor-94\">\n\t\t\t\t<div class=\"elementor-element elementor-element-25d5d29 e-flex e-con-boxed e-con e-parent\" data-id=\"25d5d29\" data-element_type=\"container\">\n\t\t\t\t\t<div class=\"e-con-inner\">\n\t\t\t\t<div class=\"elementor-element elementor-element-2980375 elementor-widget elementor-widget-heading\" data-id=\"2980375\" data-element_type=\"widget\" data-widget_type=\"heading.default\">\n\t\t\t\t<div class=\"elementor-widget-container\">\n\t\t\t\t\t<h2 class=\"elementor-heading-title elementor-size-default\">Contact<\/h2>\t\t\t\t<\/div>\n\t\t\t\t<\/div>\n\t\t\t\t\t<\/div>\n\t\t\t\t<\/div>\n\t\t<div class=\"elementor-element elementor-element-48530e8 e-flex e-con-boxed e-con e-parent\" data-id=\"48530e8\" data-element_type=\"container\">\n\t\t\t\t\t<div class=\"e-con-inner\">\n\t\t<div class=\"elementor-element elementor-element-b457921 e-con-full e-flex e-con e-child\" data-id=\"b457921\" data-element_type=\"container\">\n\t\t\t\t<div class=\"elementor-element elementor-element-ea688f5 elementor-widget__width-initial e-transform elementor-widget elementor-widget-text-editor\" data-id=\"ea688f5\" data-element_type=\"widget\" data-settings=\"{&quot;_animation&quot;:&quot;none&quot;,&quot;_transform_skewX_effect&quot;:{&quot;unit&quot;:&quot;px&quot;,&quot;size&quot;:&quot;&quot;,&quot;sizes&quot;:[]},&quot;_transform_skewX_effect_tablet&quot;:{&quot;unit&quot;:&quot;deg&quot;,&quot;size&quot;:&quot;&quot;,&quot;sizes&quot;:[]},&quot;_transform_skewX_effect_mobile&quot;:{&quot;unit&quot;:&quot;deg&quot;,&quot;size&quot;:&quot;&quot;,&quot;sizes&quot;:[]},&quot;_transform_skewY_effect&quot;:{&quot;unit&quot;:&quot;px&quot;,&quot;size&quot;:&quot;&quot;,&quot;sizes&quot;:[]},&quot;_transform_skewY_effect_tablet&quot;:{&quot;unit&quot;:&quot;deg&quot;,&quot;size&quot;:&quot;&quot;,&quot;sizes&quot;:[]},&quot;_transform_skewY_effect_mobile&quot;:{&quot;unit&quot;:&quot;deg&quot;,&quot;size&quot;:&quot;&quot;,&quot;sizes&quot;:[]}}\" data-widget_type=\"text-editor.default\">\n\t\t\t\t<div class=\"elementor-widget-container\">\n\t\t\t\t\t\t\t\t\t<p><b>Address<\/b><\/p><p><span style=\"color: #808080;\"><em>Archeologick\u00fd \u00fastav SAV, v. v. i.<\/em><\/span><\/p><p><span style=\"color: #808080;\"><em>Akademick\u00e1 2<\/em><\/span><\/p><p><span style=\"color: #808080;\"><em>949 21\u00a0 Nitra<\/em><\/span><\/p><p><span style=\"color: #808080;\"><em>Slovensko<\/em><\/span><\/p>\t\t\t\t\t\t\t\t<\/div>\n\t\t\t\t<\/div>\n\t\t\t\t<\/div>\n\t\t<div class=\"elementor-element elementor-element-adafdc2 e-con-full e-flex e-con e-child\" data-id=\"adafdc2\" data-element_type=\"container\">\n\t\t\t\t<div class=\"elementor-element elementor-element-762ae51 elementor-widget elementor-widget-text-editor\" data-id=\"762ae51\" data-element_type=\"widget\" data-widget_type=\"text-editor.default\">\n\t\t\t\t<div class=\"elementor-widget-container\">\n\t\t\t\t\t\t\t\t\t<p style=\"font-size: 18px;\"><b>Phone<\/b><\/p><p style=\"font-size: 18px;\"><span style=\"color: #808080;\"><em>+421 902 925 664<\/em><\/span><\/p>\t\t\t\t\t\t\t\t<\/div>\n\t\t\t\t<\/div>\n\t\t\t\t<\/div>\n\t\t<div class=\"elementor-element elementor-element-cad596f e-con-full e-flex e-con e-child\" data-id=\"cad596f\" data-element_type=\"container\">\n\t\t\t\t<div class=\"elementor-element elementor-element-a524a95 elementor-widget elementor-widget-text-editor\" data-id=\"a524a95\" data-element_type=\"widget\" data-widget_type=\"text-editor.default\">\n\t\t\t\t<div class=\"elementor-widget-container\">\n\t\t\t\t\t\t\t\t\t<p style=\"font-size: 18px;\"><b>Email<\/b><\/p><p style=\"font-size: 18px;\"><span style=\"color: #808080;\"><em>adrian.nemergut@gmail.com<\/em><\/span><\/p>\t\t\t\t\t\t\t\t<\/div>\n\t\t\t\t<\/div>\n\t\t\t\t<\/div>\n\t\t\t\t\t<\/div>\n\t\t\t\t<\/div>\n\t\t\t\t<\/div>\n\t\t","protected":false},"excerpt":{"rendered":"<p>Contact Address Archeologick\u00fd \u00fastav SAV, v. v. i. Akademick\u00e1 2 949 21\u00a0 Nitra Slovensko Phone +421 902 925 664 Email adrian.nemergut@gmail.com<\/p>\n","protected":false},"author":1,"featured_media":331,"parent":0,"menu_order":9,"comment_status":"closed","ping_status":"closed","template":"","meta":{"_surecart_dashboard_logo_width":"180px","_surecart_dashboard_show_logo":true,"_surecart_dashboard_navigation_orders":true,"_surecart_dashboard_navigation_invoices":true,"_surecart_dashboard_navigation_subscriptions":true,"_surecart_dashboard_navigation_downloads":true,"_surecart_dashboard_navigation_billing":true,"_surecart_dashboard_navigation_account":true,"_themeisle_gutenberg_block_has_review":false,"footnotes":""},"class_list":["post-94","page","type-page","status-publish","has-post-thumbnail","hentry"],"_links":{"self":[{"href":"https:\/\/intercave.sav.sk\/en\/wp-json\/wp\/v2\/pages\/94","targetHints":{"allow":["GET"]}}],"collection":[{"href":"https:\/\/intercave.sav.sk\/en\/wp-json\/wp\/v2\/pages"}],"about":[{"href":"https:\/\/intercave.sav.sk\/en\/wp-json\/wp\/v2\/types\/page"}],"author":[{"embeddable":true,"href":"https:\/\/intercave.sav.sk\/en\/wp-json\/wp\/v2\/users\/1"}],"replies":[{"embeddable":true,"href":"https:\/\/intercave.sav.sk\/en\/wp-json\/wp\/v2\/comments?post=94"}],"version-history":[{"count":11,"href":"https:\/\/intercave.sav.sk\/en\/wp-json\/wp\/v2\/pages\/94\/revisions"}],"predecessor-version":[{"id":334,"href":"https:\/\/intercave.sav.sk\/en\/wp-json\/wp\/v2\/pages\/94\/revisions\/334"}],"wp:featuredmedia":[{"embeddable":true,"href":"https:\/\/intercave.sav.sk\/en\/wp-json\/wp\/v2\/media\/331"}],"wp:attachment":[{"href":"https:\/\/intercave.sav.sk\/en\/wp-json\/wp\/v2\/media?parent=94"}],"curies":[{"name":"wp","href":"https:\/\/api.w.org\/{rel}","templated":true}]}}