{"id":92,"date":"2024-12-16T23:20:07","date_gmt":"2024-12-16T22:20:07","guid":{"rendered":"http:\/\/intercave.local\/en\/?page_id=92"},"modified":"2024-12-23T11:29:04","modified_gmt":"2024-12-23T10:29:04","slug":"publications","status":"publish","type":"page","link":"https:\/\/intercave.sav.sk\/en\/publications\/","title":{"rendered":"Publications"},"content":{"rendered":"\t\t<div data-elementor-type=\"wp-page\" data-elementor-id=\"92\" class=\"elementor elementor-92\">\n\t\t\t\t<div class=\"elementor-element elementor-element-0ff8f79 e-flex e-con-boxed e-con e-parent\" data-id=\"0ff8f79\" data-element_type=\"container\">\n\t\t\t\t\t<div class=\"e-con-inner\">\n\t\t\t\t<div class=\"elementor-element elementor-element-12eece2 elementor-widget elementor-widget-heading\" data-id=\"12eece2\" data-element_type=\"widget\" data-widget_type=\"heading.default\">\n\t\t\t\t<div class=\"elementor-widget-container\">\n\t\t\t\t\t<h2 class=\"elementor-heading-title elementor-size-default\">Publications<\/h2>\t\t\t\t<\/div>\n\t\t\t\t<\/div>\n\t\t\t\t\t<\/div>\n\t\t\t\t<\/div>\n\t\t<div class=\"elementor-element elementor-element-15752f2 e-flex e-con-boxed e-con e-parent\" data-id=\"15752f2\" data-element_type=\"container\">\n\t\t\t\t\t<div class=\"e-con-inner\">\n\t\t<div class=\"elementor-element elementor-element-997287c e-con-full e-flex e-con e-child\" data-id=\"997287c\" data-element_type=\"container\">\n\t\t<div class=\"elementor-element elementor-element-b268d68 e-con-full e-flex e-con e-child\" data-id=\"b268d68\" data-element_type=\"container\">\n\t\t\t\t<div class=\"elementor-element elementor-element-0f245a4 elementor-align-justify elementor-button-success elementor-widget elementor-widget-button\" data-id=\"0f245a4\" data-element_type=\"widget\" data-widget_type=\"button.default\">\n\t\t\t\t<div class=\"elementor-widget-container\">\n\t\t\t\t\t\t\t\t\t<div class=\"elementor-button-wrapper\">\n\t\t\t\t\t<a class=\"elementor-button elementor-button-link elementor-size-sm\" href=\"https:\/\/www.cambridge.org\/core\/journals\/antiquity\/article\/huciva-cave-a-magdalenian-hunting-camp-in-the-tatra-mountains\/4571CB3AA2E7F5AB3528A10D035A89BD\">\n\t\t\t\t\t\t<span class=\"elementor-button-content-wrapper\">\n\t\t\t\t\t\t\t\t\t<span class=\"elementor-button-text\">Valde-Nowak et al 2022<\/span>\n\t\t\t\t\t<\/span>\n\t\t\t\t\t<\/a>\n\t\t\t\t<\/div>\n\t\t\t\t\t\t\t\t<\/div>\n\t\t\t\t<\/div>\n\t\t\t\t<\/div>\n\t\t<div class=\"elementor-element elementor-element-5a8aa9c e-con-full e-flex e-con e-child\" data-id=\"5a8aa9c\" data-element_type=\"container\">\n\t\t\t\t<div class=\"elementor-element elementor-element-29eeb8f elementor-widget elementor-widget-text-editor\" data-id=\"29eeb8f\" data-element_type=\"widget\" data-widget_type=\"text-editor.default\">\n\t\t\t\t<div class=\"elementor-widget-container\">\n\t\t\t\t\t\t\t\t\t<p><font color=\"#181817\" face=\"noto sans, Helvetica, Roboto, Arial, sans-serif\"><span style=\"font-size: 16px;\">Valde-Nowak P, Baca M, Cie\u015bla M, et al. Hu\u010div\u00e1 Cave: a Magdalenian hunting camp in the Tatra Mountains. Antiquity. 2022;96(388):1008-1014. doi:10.15184\/aqy.2022.60<\/span><\/font><br><\/p>\t\t\t\t\t\t\t\t<\/div>\n\t\t\t\t<\/div>\n\t\t\t\t<\/div>\n\t\t\t\t<\/div>\n\t\t\t\t\t<\/div>\n\t\t\t\t<\/div>\n\t\t\t\t<\/div>\n\t\t","protected":false},"excerpt":{"rendered":"<p>Publications Valde-Nowak et al 2022 Valde-Nowak P, Baca M, Cie\u015bla M, et al. Hu\u010div\u00e1 Cave: a Magdalenian hunting camp in the Tatra Mountains. Antiquity. 2022;96(388):1008-1014. doi:10.15184\/aqy.2022.60<\/p>\n","protected":false},"author":1,"featured_media":318,"parent":0,"menu_order":8,"comment_status":"closed","ping_status":"closed","template":"","meta":{"_surecart_dashboard_logo_width":"180px","_surecart_dashboard_show_logo":true,"_surecart_dashboard_navigation_orders":true,"_surecart_dashboard_navigation_invoices":true,"_surecart_dashboard_navigation_subscriptions":true,"_surecart_dashboard_navigation_downloads":true,"_surecart_dashboard_navigation_billing":true,"_surecart_dashboard_navigation_account":true,"_themeisle_gutenberg_block_has_review":false,"footnotes":""},"class_list":["post-92","page","type-page","status-publish","has-post-thumbnail","hentry"],"_links":{"self":[{"href":"https:\/\/intercave.sav.sk\/en\/wp-json\/wp\/v2\/pages\/92","targetHints":{"allow":["GET"]}}],"collection":[{"href":"https:\/\/intercave.sav.sk\/en\/wp-json\/wp\/v2\/pages"}],"about":[{"href":"https:\/\/intercave.sav.sk\/en\/wp-json\/wp\/v2\/types\/page"}],"author":[{"embeddable":true,"href":"https:\/\/intercave.sav.sk\/en\/wp-json\/wp\/v2\/users\/1"}],"replies":[{"embeddable":true,"href":"https:\/\/intercave.sav.sk\/en\/wp-json\/wp\/v2\/comments?post=92"}],"version-history":[{"count":11,"href":"https:\/\/intercave.sav.sk\/en\/wp-json\/wp\/v2\/pages\/92\/revisions"}],"predecessor-version":[{"id":322,"href":"https:\/\/intercave.sav.sk\/en\/wp-json\/wp\/v2\/pages\/92\/revisions\/322"}],"wp:featuredmedia":[{"embeddable":true,"href":"https:\/\/intercave.sav.sk\/en\/wp-json\/wp\/v2\/media\/318"}],"wp:attachment":[{"href":"https:\/\/intercave.sav.sk\/en\/wp-json\/wp\/v2\/media?parent=92"}],"curies":[{"name":"wp","href":"https:\/\/api.w.org\/{rel}","templated":true}]}}