{"id":80,"date":"2024-12-16T23:15:52","date_gmt":"2024-12-16T22:15:52","guid":{"rendered":"http:\/\/intercave.local\/en\/?page_id=80"},"modified":"2025-02-06T12:36:01","modified_gmt":"2025-02-06T11:36:01","slug":"huciva-diera","status":"publish","type":"page","link":"https:\/\/intercave.sav.sk\/en\/huciva-diera\/","title":{"rendered":"Hu\u010div\u00e1 diera"},"content":{"rendered":"\t\t<div data-elementor-type=\"wp-page\" data-elementor-id=\"80\" class=\"elementor elementor-80\">\n\t\t\t\t<div class=\"elementor-element elementor-element-fda99fb e-flex e-con-boxed e-con e-parent\" data-id=\"fda99fb\" data-element_type=\"container\">\n\t\t\t\t\t<div class=\"e-con-inner\">\n\t\t\t\t<div class=\"elementor-element elementor-element-af636aa elementor-widget elementor-widget-heading\" data-id=\"af636aa\" data-element_type=\"widget\" data-widget_type=\"heading.default\">\n\t\t\t\t<div class=\"elementor-widget-container\">\n\t\t\t\t\t<h2 class=\"elementor-heading-title elementor-size-default\">Hu\u010div\u00e1 diera<\/h2>\t\t\t\t<\/div>\n\t\t\t\t<\/div>\n\t\t\t\t\t<\/div>\n\t\t\t\t<\/div>\n\t\t<div class=\"elementor-element elementor-element-610c88c e-flex e-con-boxed e-con e-parent\" data-id=\"610c88c\" data-element_type=\"container\">\n\t\t\t\t\t<div class=\"e-con-inner\">\n\t\t\t\t<div class=\"elementor-element elementor-element-51371d1 elementor-widget elementor-widget-image\" data-id=\"51371d1\" data-element_type=\"widget\" data-widget_type=\"image.default\">\n\t\t\t\t<div class=\"elementor-widget-container\">\n\t\t\t\t\t\t\t\t\t\t\t\t\t\t\t<img fetchpriority=\"high\" decoding=\"async\" width=\"750\" height=\"488\" src=\"https:\/\/intercave.sav.sk\/en\/wp-content\/uploads\/sites\/3\/2024\/12\/Jaskinia_nad_Huczawa-1024x666.jpg\" class=\"attachment-large size-large wp-image-109\" alt=\"\" srcset=\"https:\/\/intercave.sav.sk\/en\/wp-content\/uploads\/sites\/3\/2024\/12\/Jaskinia_nad_Huczawa-1024x666.jpg 1024w, https:\/\/intercave.sav.sk\/en\/wp-content\/uploads\/sites\/3\/2024\/12\/Jaskinia_nad_Huczawa-300x195.jpg 300w, https:\/\/intercave.sav.sk\/en\/wp-content\/uploads\/sites\/3\/2024\/12\/Jaskinia_nad_Huczawa-768x499.jpg 768w, https:\/\/intercave.sav.sk\/en\/wp-content\/uploads\/sites\/3\/2024\/12\/Jaskinia_nad_Huczawa-1536x998.jpg 1536w, https:\/\/intercave.sav.sk\/en\/wp-content\/uploads\/sites\/3\/2024\/12\/Jaskinia_nad_Huczawa-600x390.jpg 600w, https:\/\/intercave.sav.sk\/en\/wp-content\/uploads\/sites\/3\/2024\/12\/Jaskinia_nad_Huczawa.jpg 2048w\" sizes=\"(max-width: 750px) 100vw, 750px\" \/>\t\t\t\t\t\t\t\t\t\t\t\t\t\t\t<\/div>\n\t\t\t\t<\/div>\n\t\t\t\t\t<\/div>\n\t\t\t\t<\/div>\n\t\t<div class=\"elementor-element elementor-element-bd80430 e-flex e-con-boxed e-con e-parent\" data-id=\"bd80430\" data-element_type=\"container\">\n\t\t\t\t\t<div class=\"e-con-inner\">\n\t\t\t\t<div class=\"elementor-element elementor-element-4cb0c6c elementor-widget elementor-widget-text-editor\" data-id=\"4cb0c6c\" data-element_type=\"widget\" data-widget_type=\"text-editor.default\">\n\t\t\t\t<div class=\"elementor-widget-container\">\n\t\t\t\t\t\t\t\t\t<p>Fig. 1. The entrance portal before its closure with metal bars.<\/p>\t\t\t\t\t\t\t\t<\/div>\n\t\t\t\t<\/div>\n\t\t\t\t\t<\/div>\n\t\t\t\t<\/div>\n\t\t<div class=\"elementor-element elementor-element-06a8e7b e-flex e-con-boxed e-con e-parent\" data-id=\"06a8e7b\" data-element_type=\"container\">\n\t\t\t\t\t<div class=\"e-con-inner\">\n\t\t\t\t<div class=\"elementor-element elementor-element-08ebd60 elementor-widget elementor-widget-text-editor\" data-id=\"08ebd60\" data-element_type=\"widget\" data-widget_type=\"text-editor.default\">\n\t\t\t\t<div class=\"elementor-widget-container\">\n\t\t\t\t\t\t\t\t\t<p>The Hu\u010div\u00e1 Cave, measuring 16 m in length, is located in the Eastern Tatras, within the Belianske Tatras range. The first finds of modern sherds were recovered in the 1970s by local speleologists associated with the Slovak Speleological Society \u2013 Spi\u0161sk\u00e1 Bel\u00e1 Caving Group. In their unsuccessful attempt to connect the cave with the nearby Belianska Cave, they uncovered an irregular profile of cave sediments at the rear of the cave. Within these sediments, we later identified similarly dated ceramic material from the Early Modern period.<\/p><p>At the end of 2018, two overfired layers containing isolated pottery from the 16<sup>th<\/sup> century were documented in the aforementioned profile. Cleaning the profile revealed the first lithic artefact in the lower carbon layer, followed by three additional artefacts. The investigation of this first prehistoric cave site in the Tatra Mountains was briefly interrupted, and preparations for an interdisciplinary archaeological investigation began.<\/p>\t\t\t\t\t\t\t\t<\/div>\n\t\t\t\t<\/div>\n\t\t\t\t\t<\/div>\n\t\t\t\t<\/div>\n\t\t<div class=\"elementor-element elementor-element-e68357b e-flex e-con-boxed e-con e-parent\" data-id=\"e68357b\" data-element_type=\"container\">\n\t\t\t\t\t<div class=\"e-con-inner\">\n\t\t\t\t<div class=\"elementor-element elementor-element-19d098b elementor-widget elementor-widget-image\" data-id=\"19d098b\" data-element_type=\"widget\" data-widget_type=\"image.default\">\n\t\t\t\t<div class=\"elementor-widget-container\">\n\t\t\t\t\t\t\t\t\t\t\t\t\t\t\t<img decoding=\"async\" width=\"750\" height=\"520\" src=\"https:\/\/intercave.sav.sk\/en\/wp-content\/uploads\/sites\/3\/2024\/12\/Obr.-6a-1024x710.jpg\" class=\"attachment-large size-large wp-image-370\" alt=\"\" srcset=\"https:\/\/intercave.sav.sk\/en\/wp-content\/uploads\/sites\/3\/2024\/12\/Obr.-6a-1024x710.jpg 1024w, https:\/\/intercave.sav.sk\/en\/wp-content\/uploads\/sites\/3\/2024\/12\/Obr.-6a-300x208.jpg 300w, https:\/\/intercave.sav.sk\/en\/wp-content\/uploads\/sites\/3\/2024\/12\/Obr.-6a-768x532.jpg 768w, https:\/\/intercave.sav.sk\/en\/wp-content\/uploads\/sites\/3\/2024\/12\/Obr.-6a-1536x1065.jpg 1536w, https:\/\/intercave.sav.sk\/en\/wp-content\/uploads\/sites\/3\/2024\/12\/Obr.-6a-2048x1419.jpg 2048w, https:\/\/intercave.sav.sk\/en\/wp-content\/uploads\/sites\/3\/2024\/12\/Obr.-6a-600x416.jpg 600w\" sizes=\"(max-width: 750px) 100vw, 750px\" \/>\t\t\t\t\t\t\t\t\t\t\t\t\t\t\t<\/div>\n\t\t\t\t<\/div>\n\t\t\t\t\t<\/div>\n\t\t\t\t<\/div>\n\t\t<div class=\"elementor-element elementor-element-b49eae3 e-flex e-con-boxed e-con e-parent\" data-id=\"b49eae3\" data-element_type=\"container\">\n\t\t\t\t\t<div class=\"e-con-inner\">\n\t\t\t\t<div class=\"elementor-element elementor-element-10a7663 elementor-widget elementor-widget-text-editor\" data-id=\"10a7663\" data-element_type=\"widget\" data-widget_type=\"text-editor.default\">\n\t\t\t\t<div class=\"elementor-widget-container\">\n\t\t\t\t\t\t\t\t\t<p>Fig. 2. Profile with buried hearth during the 2019 excavation.<\/p>\t\t\t\t\t\t\t\t<\/div>\n\t\t\t\t<\/div>\n\t\t\t\t\t<\/div>\n\t\t\t\t<\/div>\n\t\t<div class=\"elementor-element elementor-element-4bc29ad e-flex e-con-boxed e-con e-parent\" data-id=\"4bc29ad\" data-element_type=\"container\">\n\t\t\t\t\t<div class=\"e-con-inner\">\n\t\t\t\t<div class=\"elementor-element elementor-element-629c982 elementor-widget elementor-widget-text-editor\" data-id=\"629c982\" data-element_type=\"widget\" data-widget_type=\"text-editor.default\">\n\t\t\t\t<div class=\"elementor-widget-container\">\n\t\t\t\t\t\t\t\t\t<p>In the summer of 2019, the first excavation was conducted under the leadership of the Institute of Archaeology of the Slovak Academy of Sciences (M. Soj\u00e1k), and the Jagiellonian University in Krak\u00f3w (P. Valde-Nowak), with the participation of local PhD students and archaeology students. Research continued in 2022 and 2024. The cave was systematically surveyed and divided into a 1 \u00d7 1 m square grid, further subdivided into four smaller sectors measuring 0.5 \u00d7 0.5 m. Excavation for scientific and documentation purposes began in the rear section of a small corridor, where the disturbed sediments and the first recovered stone artefacts were located. Work then shifted to the entrance portal due to the construction of a metal shutter, a barred gate intended to restrict access to the cave.<\/p>\t\t\t\t\t\t\t\t<\/div>\n\t\t\t\t<\/div>\n\t\t\t\t\t<\/div>\n\t\t\t\t<\/div>\n\t\t<div class=\"elementor-element elementor-element-706f0fd e-flex e-con-boxed e-con e-parent\" data-id=\"706f0fd\" data-element_type=\"container\">\n\t\t\t\t\t<div class=\"e-con-inner\">\n\t\t\t\t<div class=\"elementor-element elementor-element-0431a90 elementor-widget elementor-widget-image\" data-id=\"0431a90\" data-element_type=\"widget\" data-widget_type=\"image.default\">\n\t\t\t\t<div class=\"elementor-widget-container\">\n\t\t\t\t\t\t\t\t\t\t\t\t\t\t\t<img decoding=\"async\" width=\"750\" height=\"513\" src=\"https:\/\/intercave.sav.sk\/en\/wp-content\/uploads\/sites\/3\/2024\/12\/Obr.-2-1024x700.jpg\" class=\"attachment-large size-large wp-image-371\" alt=\"\" srcset=\"https:\/\/intercave.sav.sk\/en\/wp-content\/uploads\/sites\/3\/2024\/12\/Obr.-2-1024x700.jpg 1024w, https:\/\/intercave.sav.sk\/en\/wp-content\/uploads\/sites\/3\/2024\/12\/Obr.-2-300x205.jpg 300w, https:\/\/intercave.sav.sk\/en\/wp-content\/uploads\/sites\/3\/2024\/12\/Obr.-2-768x525.jpg 768w, https:\/\/intercave.sav.sk\/en\/wp-content\/uploads\/sites\/3\/2024\/12\/Obr.-2-1536x1049.jpg 1536w, https:\/\/intercave.sav.sk\/en\/wp-content\/uploads\/sites\/3\/2024\/12\/Obr.-2-600x410.jpg 600w, https:\/\/intercave.sav.sk\/en\/wp-content\/uploads\/sites\/3\/2024\/12\/Obr.-2.jpg 1900w\" sizes=\"(max-width: 750px) 100vw, 750px\" \/>\t\t\t\t\t\t\t\t\t\t\t\t\t\t\t<\/div>\n\t\t\t\t<\/div>\n\t\t\t\t\t<\/div>\n\t\t\t\t<\/div>\n\t\t<div class=\"elementor-element elementor-element-5aa21a7 e-flex e-con-boxed e-con e-parent\" data-id=\"5aa21a7\" data-element_type=\"container\">\n\t\t\t\t\t<div class=\"e-con-inner\">\n\t\t\t\t<div class=\"elementor-element elementor-element-1787050 elementor-widget elementor-widget-text-editor\" data-id=\"1787050\" data-element_type=\"widget\" data-widget_type=\"text-editor.default\">\n\t\t\t\t<div class=\"elementor-widget-container\">\n\t\t\t\t\t\t\t\t\t<p>Fig. 3. Lithic industry of the Magdalenian culture.<\/p>\t\t\t\t\t\t\t\t<\/div>\n\t\t\t\t<\/div>\n\t\t\t\t\t<\/div>\n\t\t\t\t<\/div>\n\t\t<div class=\"elementor-element elementor-element-f924e14 e-flex e-con-boxed e-con e-parent\" data-id=\"f924e14\" data-element_type=\"container\">\n\t\t\t\t\t<div class=\"e-con-inner\">\n\t\t\t\t<div class=\"elementor-element elementor-element-63aaecc elementor-widget elementor-widget-text-editor\" data-id=\"63aaecc\" data-element_type=\"widget\" data-widget_type=\"text-editor.default\">\n\t\t\t\t<div class=\"elementor-widget-container\">\n\t\t\t\t\t\t\t\t\t<p>In the rear section of the cave, beneath the vent stack, the remains of a buried hearth with an extensive artefact inventory were examined in detail over three research seasons. The artefacts were dominated by a lithic assemblage. Smaller finds included two bone needles with drilled eyes, two perforated fossil shells, a fragment of a sandstone oil lamp with detected organic residues, and a groove-decorated bone piercer. The hearth contained distinct charcoals, pieces of ochre, and numerous bones of hunted animals. Collaborators included a geologist (M. Orvo\u0161ov\u00e1), a sedimentologist (L. Lis\u00e1), a palynologist (A. Wacnik), a palaeobotanist (M. Hajnalov\u00e1), and a palaeontologist (A. Nadachowski et al.). Radiocarbon dating of organic remains was conducted in Pozna\u0144, DNA analysis of selected animal bones in Warsaw, and sediment samples are currently undergoing analysis in Stockholm.<\/p>\t\t\t\t\t\t\t\t<\/div>\n\t\t\t\t<\/div>\n\t\t\t\t\t<\/div>\n\t\t\t\t<\/div>\n\t\t<div class=\"elementor-element elementor-element-722937c e-flex e-con-boxed e-con e-parent\" data-id=\"722937c\" data-element_type=\"container\">\n\t\t\t\t\t<div class=\"e-con-inner\">\n\t\t\t\t<div class=\"elementor-element elementor-element-cbee9c2 elementor-widget elementor-widget-image\" data-id=\"cbee9c2\" data-element_type=\"widget\" data-widget_type=\"image.default\">\n\t\t\t\t<div class=\"elementor-widget-container\">\n\t\t\t\t\t\t\t\t\t\t\t\t\t\t\t<img loading=\"lazy\" decoding=\"async\" width=\"750\" height=\"286\" src=\"https:\/\/intercave.sav.sk\/en\/wp-content\/uploads\/sites\/3\/2024\/12\/Obr.-5-1024x390.jpg\" class=\"attachment-large size-large wp-image-373\" alt=\"\" srcset=\"https:\/\/intercave.sav.sk\/en\/wp-content\/uploads\/sites\/3\/2024\/12\/Obr.-5-1024x390.jpg 1024w, https:\/\/intercave.sav.sk\/en\/wp-content\/uploads\/sites\/3\/2024\/12\/Obr.-5-300x114.jpg 300w, https:\/\/intercave.sav.sk\/en\/wp-content\/uploads\/sites\/3\/2024\/12\/Obr.-5-768x292.jpg 768w, https:\/\/intercave.sav.sk\/en\/wp-content\/uploads\/sites\/3\/2024\/12\/Obr.-5-1536x585.jpg 1536w, https:\/\/intercave.sav.sk\/en\/wp-content\/uploads\/sites\/3\/2024\/12\/Obr.-5-2048x780.jpg 2048w, https:\/\/intercave.sav.sk\/en\/wp-content\/uploads\/sites\/3\/2024\/12\/Obr.-5-600x228.jpg 600w\" sizes=\"(max-width: 750px) 100vw, 750px\" \/>\t\t\t\t\t\t\t\t\t\t\t\t\t\t\t<\/div>\n\t\t\t\t<\/div>\n\t\t\t\t\t<\/div>\n\t\t\t\t<\/div>\n\t\t<div class=\"elementor-element elementor-element-8e87cad e-flex e-con-boxed e-con e-parent\" data-id=\"8e87cad\" data-element_type=\"container\">\n\t\t\t\t\t<div class=\"e-con-inner\">\n\t\t\t\t<div class=\"elementor-element elementor-element-33c609a elementor-widget elementor-widget-text-editor\" data-id=\"33c609a\" data-element_type=\"widget\" data-widget_type=\"text-editor.default\">\n\t\t\t\t<div class=\"elementor-widget-container\">\n\t\t\t\t\t\t\t\t\t<p>Fig. 4. Bone needle from the cave.<\/p>\t\t\t\t\t\t\t\t<\/div>\n\t\t\t\t<\/div>\n\t\t\t\t\t<\/div>\n\t\t\t\t<\/div>\n\t\t<div class=\"elementor-element elementor-element-f1d247b e-flex e-con-boxed e-con e-parent\" data-id=\"f1d247b\" data-element_type=\"container\">\n\t\t\t\t\t<div class=\"e-con-inner\">\n\t\t\t\t<div class=\"elementor-element elementor-element-ec885a5 elementor-widget elementor-widget-text-editor\" data-id=\"ec885a5\" data-element_type=\"widget\" data-widget_type=\"text-editor.default\">\n\t\t\t\t<div class=\"elementor-widget-container\">\n\t\t\t\t\t\t\t\t\t<p>The absolute age of the charcoals and animal bones is linked to the B\u00f8lling Interstadial, dating to approximately 12,200 BC. The lithic industry is specific to the Magdalenian culture but does not find analogues in collections from the eastern province of this culture in the Czech Republic or neighbouring Bohemia. Instead, parallels exist with material from England, the Netherlands, and Switzerland. Characteristic tools include shouldered points with and without faint notches, closely resembling those of the Creswellian culture, the British Late Magdalenian. Other tools include blades with or without retouch, backed blades, drills, perforators, burins, and endscrapers. Debitage, mostly from tool repair, was not abundant. Only three significantly exploited flat cores were recovered. In terms of raw materials, Pieniny radiolarite from the Klippen Belt dominates, followed by Polish flint types (Chocolate, Jurassic-Cracow, Volhynian, and Bircza). Occasional limnosilicite of uncertain provenance (possibly the \u017diar Basin) and hornblende of the Krumlov Forest type were also identified. Notably, obsidian is absent, suggesting a lack of connections with the more easterly regions of Slovakia.<\/p>\t\t\t\t\t\t\t\t<\/div>\n\t\t\t\t<\/div>\n\t\t\t\t\t<\/div>\n\t\t\t\t<\/div>\n\t\t<div class=\"elementor-element elementor-element-b01fe2d e-flex e-con-boxed e-con e-parent\" data-id=\"b01fe2d\" data-element_type=\"container\">\n\t\t\t\t\t<div class=\"e-con-inner\">\n\t\t\t\t<div class=\"elementor-element elementor-element-201b577 elementor-widget elementor-widget-image\" data-id=\"201b577\" data-element_type=\"widget\" data-widget_type=\"image.default\">\n\t\t\t\t<div class=\"elementor-widget-container\">\n\t\t\t\t\t\t\t\t\t\t\t\t\t\t\t<img loading=\"lazy\" decoding=\"async\" width=\"750\" height=\"341\" src=\"https:\/\/intercave.sav.sk\/en\/wp-content\/uploads\/sites\/3\/2024\/12\/Obr.-3-1024x465.jpg\" class=\"attachment-large size-large wp-image-374\" alt=\"\" srcset=\"https:\/\/intercave.sav.sk\/en\/wp-content\/uploads\/sites\/3\/2024\/12\/Obr.-3-1024x465.jpg 1024w, https:\/\/intercave.sav.sk\/en\/wp-content\/uploads\/sites\/3\/2024\/12\/Obr.-3-300x136.jpg 300w, https:\/\/intercave.sav.sk\/en\/wp-content\/uploads\/sites\/3\/2024\/12\/Obr.-3-768x349.jpg 768w, https:\/\/intercave.sav.sk\/en\/wp-content\/uploads\/sites\/3\/2024\/12\/Obr.-3-1536x698.jpg 1536w, https:\/\/intercave.sav.sk\/en\/wp-content\/uploads\/sites\/3\/2024\/12\/Obr.-3-2048x930.jpg 2048w, https:\/\/intercave.sav.sk\/en\/wp-content\/uploads\/sites\/3\/2024\/12\/Obr.-3-600x273.jpg 600w\" sizes=\"(max-width: 750px) 100vw, 750px\" \/>\t\t\t\t\t\t\t\t\t\t\t\t\t\t\t<\/div>\n\t\t\t\t<\/div>\n\t\t\t\t\t<\/div>\n\t\t\t\t<\/div>\n\t\t<div class=\"elementor-element elementor-element-7decd67 e-flex e-con-boxed e-con e-parent\" data-id=\"7decd67\" data-element_type=\"container\">\n\t\t\t\t\t<div class=\"e-con-inner\">\n\t\t\t\t<div class=\"elementor-element elementor-element-fdbaf03 elementor-widget elementor-widget-text-editor\" data-id=\"fdbaf03\" data-element_type=\"widget\" data-widget_type=\"text-editor.default\">\n\t\t\t\t<div class=\"elementor-widget-container\">\n\t\t\t\t\t\t\t\t\t<p>Fig. 5. Drilled fossil gastropod from the cave.<\/p>\t\t\t\t\t\t\t\t<\/div>\n\t\t\t\t<\/div>\n\t\t\t\t\t<\/div>\n\t\t\t\t<\/div>\n\t\t<div class=\"elementor-element elementor-element-00a295c e-flex e-con-boxed e-con e-parent\" data-id=\"00a295c\" data-element_type=\"container\">\n\t\t\t\t\t<div class=\"e-con-inner\">\n\t\t\t\t<div class=\"elementor-element elementor-element-aaeb417 elementor-widget elementor-widget-text-editor\" data-id=\"aaeb417\" data-element_type=\"widget\" data-widget_type=\"text-editor.default\">\n\t\t\t\t<div class=\"elementor-widget-container\">\n\t\t\t\t\t\t\t\t\t<p>Among Magdalenian sites in Slovakia, the most prominent examples are located in the Poprad Basin, in the Upper Spi\u0161 region. Early surface finds were documented at Toporec, where a collection of blades made from Bircza-type flint was discovered. Subsequent investigations revealed a workshop camp at Star\u00e1 \u013dubov\u0148a, where radiolarite was mined (evidenced by pings and semi-finished products) in the nearby Lesopark. Further artefacts were later recovered from a site near Jarabina. Magdalenian finds from other regions in Slovakia, such as Plaveck\u00fd Mikul\u00e1\u0161 \u2013 Derav\u00e1\/Dzerav\u00e1 Skala and Dubov\u00e1, remain unverified and require re-evaluation, as do modest finds of bone and stone from Haligovce \u2013 Aksamitka Cave (Aurignacian or Magdalenian?).<\/p>\t\t\t\t\t\t\t\t<\/div>\n\t\t\t\t<\/div>\n\t\t\t\t\t<\/div>\n\t\t\t\t<\/div>\n\t\t<div class=\"elementor-element elementor-element-a141217 e-flex e-con-boxed e-con e-parent\" data-id=\"a141217\" data-element_type=\"container\">\n\t\t\t\t\t<div class=\"e-con-inner\">\n\t\t\t\t<div class=\"elementor-element elementor-element-d35ab9f elementor-widget elementor-widget-image\" data-id=\"d35ab9f\" data-element_type=\"widget\" data-widget_type=\"image.default\">\n\t\t\t\t<div class=\"elementor-widget-container\">\n\t\t\t\t\t\t\t\t\t\t\t\t\t\t\t<img loading=\"lazy\" decoding=\"async\" width=\"750\" height=\"511\" src=\"https:\/\/intercave.sav.sk\/en\/wp-content\/uploads\/sites\/3\/2024\/12\/Obr.-4b-1024x698.jpg\" class=\"attachment-large size-large wp-image-375\" alt=\"\" srcset=\"https:\/\/intercave.sav.sk\/en\/wp-content\/uploads\/sites\/3\/2024\/12\/Obr.-4b-1024x698.jpg 1024w, https:\/\/intercave.sav.sk\/en\/wp-content\/uploads\/sites\/3\/2024\/12\/Obr.-4b-300x204.jpg 300w, https:\/\/intercave.sav.sk\/en\/wp-content\/uploads\/sites\/3\/2024\/12\/Obr.-4b-768x523.jpg 768w, https:\/\/intercave.sav.sk\/en\/wp-content\/uploads\/sites\/3\/2024\/12\/Obr.-4b-600x409.jpg 600w, https:\/\/intercave.sav.sk\/en\/wp-content\/uploads\/sites\/3\/2024\/12\/Obr.-4b.jpg 1051w\" sizes=\"(max-width: 750px) 100vw, 750px\" \/>\t\t\t\t\t\t\t\t\t\t\t\t\t\t\t<\/div>\n\t\t\t\t<\/div>\n\t\t\t\t\t<\/div>\n\t\t\t\t<\/div>\n\t\t<div class=\"elementor-element elementor-element-adb1ec9 e-flex e-con-boxed e-con e-parent\" data-id=\"adb1ec9\" data-element_type=\"container\">\n\t\t\t\t\t<div class=\"e-con-inner\">\n\t\t\t\t<div class=\"elementor-element elementor-element-094ef99 elementor-widget elementor-widget-text-editor\" data-id=\"094ef99\" data-element_type=\"widget\" data-widget_type=\"text-editor.default\">\n\t\t\t\t<div class=\"elementor-widget-container\">\n\t\t\t\t\t\t\t\t\t<p>Fig. 6. Fragment of a sandstone lamp with organic residue.<\/p>\t\t\t\t\t\t\t\t<\/div>\n\t\t\t\t<\/div>\n\t\t\t\t\t<\/div>\n\t\t\t\t<\/div>\n\t\t<div class=\"elementor-element elementor-element-86b1cf6 e-flex e-con-boxed e-con e-parent\" data-id=\"86b1cf6\" data-element_type=\"container\">\n\t\t\t\t\t<div class=\"e-con-inner\">\n\t\t\t\t<div class=\"elementor-element elementor-element-620855d elementor-widget elementor-widget-text-editor\" data-id=\"620855d\" data-element_type=\"widget\" data-widget_type=\"text-editor.default\">\n\t\t\t\t<div class=\"elementor-widget-container\">\n\t\t\t\t\t\t\t\t\t<p>One surprising aspect of the Hu\u010div\u00e1 Cave site is the spectrum of documented animals that were hunted by Magdalenian communities. Osteological analysis shows a predominance of Alpine ibex (Capra ibex), indicating a specialised hunting focus. Other species include horse and brown bear, alongside deer, lynx, small mammals, and swans. Further analyses will determine whether animal hides were processed at the site, as suggested by a pit containing numerous lime layers. Intentional marks on bones, such as cuts, scrape marks, and breaks for marrow extraction, further attest to human activity.<\/p><p>Research at this remarkable site is ongoing.<\/p>\t\t\t\t\t\t\t\t<\/div>\n\t\t\t\t<\/div>\n\t\t\t\t\t<\/div>\n\t\t\t\t<\/div>\n\t\t<div class=\"elementor-element elementor-element-018eb2f e-flex e-con-boxed e-con e-parent\" data-id=\"018eb2f\" data-element_type=\"container\">\n\t\t\t\t\t<div class=\"e-con-inner\">\n\t\t\t\t<div class=\"elementor-element elementor-element-03c0395 elementor-widget elementor-widget-text-editor\" data-id=\"03c0395\" data-element_type=\"widget\" data-widget_type=\"text-editor.default\">\n\t\t\t\t<div class=\"elementor-widget-container\">\n\t\t\t\t\t\t\t\t\t<p><em>Mari\u00e1n Soj\u00e1k, Pawe\u0142 Valde-Nowak<\/em><\/p>\t\t\t\t\t\t\t\t<\/div>\n\t\t\t\t<\/div>\n\t\t\t\t\t<\/div>\n\t\t\t\t<\/div>\n\t\t\t\t<\/div>\n\t\t","protected":false},"excerpt":{"rendered":"<p>Hu\u010div\u00e1 diera Fig. 1. The entrance portal before its closure with metal bars. The Hu\u010div\u00e1 Cave, measuring 16 m in length, is located in the Eastern Tatras, within the Belianske Tatras range. The first finds of modern sherds were recovered in the 1970s by local speleologists associated with the Slovak [&hellip;]<\/p>\n","protected":false},"author":1,"featured_media":141,"parent":0,"menu_order":3,"comment_status":"closed","ping_status":"closed","template":"","meta":{"_surecart_dashboard_logo_width":"180px","_surecart_dashboard_show_logo":true,"_surecart_dashboard_navigation_orders":true,"_surecart_dashboard_navigation_invoices":true,"_surecart_dashboard_navigation_subscriptions":true,"_surecart_dashboard_navigation_downloads":true,"_surecart_dashboard_navigation_billing":true,"_surecart_dashboard_navigation_account":true,"_themeisle_gutenberg_block_has_review":false,"footnotes":""},"class_list":["post-80","page","type-page","status-publish","has-post-thumbnail","hentry"],"_links":{"self":[{"href":"https:\/\/intercave.sav.sk\/en\/wp-json\/wp\/v2\/pages\/80","targetHints":{"allow":["GET"]}}],"collection":[{"href":"https:\/\/intercave.sav.sk\/en\/wp-json\/wp\/v2\/pages"}],"about":[{"href":"https:\/\/intercave.sav.sk\/en\/wp-json\/wp\/v2\/types\/page"}],"author":[{"embeddable":true,"href":"https:\/\/intercave.sav.sk\/en\/wp-json\/wp\/v2\/users\/1"}],"replies":[{"embeddable":true,"href":"https:\/\/intercave.sav.sk\/en\/wp-json\/wp\/v2\/comments?post=80"}],"version-history":[{"count":20,"href":"https:\/\/intercave.sav.sk\/en\/wp-json\/wp\/v2\/pages\/80\/revisions"}],"predecessor-version":[{"id":465,"href":"https:\/\/intercave.sav.sk\/en\/wp-json\/wp\/v2\/pages\/80\/revisions\/465"}],"wp:featuredmedia":[{"embeddable":true,"href":"https:\/\/intercave.sav.sk\/en\/wp-json\/wp\/v2\/media\/141"}],"wp:attachment":[{"href":"https:\/\/intercave.sav.sk\/en\/wp-json\/wp\/v2\/media?parent=80"}],"curies":[{"name":"wp","href":"https:\/\/api.w.org\/{rel}","templated":true}]}}