{"id":75,"date":"2024-12-16T23:10:53","date_gmt":"2024-12-16T22:10:53","guid":{"rendered":"http:\/\/intercave.local\/en\/?page_id=75"},"modified":"2025-02-06T10:51:31","modified_gmt":"2025-02-06T09:51:31","slug":"caves","status":"publish","type":"page","link":"https:\/\/intercave.sav.sk\/en\/caves\/","title":{"rendered":"Caves"},"content":{"rendered":"\t\t<div data-elementor-type=\"wp-page\" data-elementor-id=\"75\" class=\"elementor elementor-75\">\n\t\t\t\t<div class=\"elementor-element elementor-element-f41aeb2 e-flex e-con-boxed e-con e-parent\" data-id=\"f41aeb2\" data-element_type=\"container\">\n\t\t\t\t\t<div class=\"e-con-inner\">\n\t\t\t\t<div class=\"elementor-element elementor-element-18ac8dc elementor-widget elementor-widget-heading\" data-id=\"18ac8dc\" data-element_type=\"widget\" data-widget_type=\"heading.default\">\n\t\t\t\t<div class=\"elementor-widget-container\">\n\t\t\t\t\t<h2 class=\"elementor-heading-title elementor-size-default\">Caves<\/h2>\t\t\t\t<\/div>\n\t\t\t\t<\/div>\n\t\t\t\t\t<\/div>\n\t\t\t\t<\/div>\n\t\t<div class=\"elementor-element elementor-element-2ae4e6f e-flex e-con-boxed e-con e-parent\" data-id=\"2ae4e6f\" data-element_type=\"container\">\n\t\t\t\t\t<div class=\"e-con-inner\">\n\t\t<div class=\"elementor-element elementor-element-228a5b5 e-con-full e-flex e-con e-child\" data-id=\"228a5b5\" data-element_type=\"container\">\n\t\t\t\t<div class=\"elementor-element elementor-element-0fa73bc elementor-position-top elementor-widget elementor-widget-image-box\" data-id=\"0fa73bc\" data-element_type=\"widget\" data-widget_type=\"image-box.default\">\n\t\t\t\t<div class=\"elementor-widget-container\">\n\t\t\t\t\t<div class=\"elementor-image-box-wrapper\"><figure class=\"elementor-image-box-img\"><a href=\"http:\/\/intercave.sav.sk\/en\/derava-skala\/\" tabindex=\"-1\"><img fetchpriority=\"high\" decoding=\"async\" width=\"2560\" height=\"1707\" src=\"https:\/\/intercave.sav.sk\/en\/wp-content\/uploads\/sites\/3\/2025\/02\/DSC_1038b-1-scaled.jpg\" class=\"attachment-full size-full wp-image-433\" alt=\"\" srcset=\"https:\/\/intercave.sav.sk\/en\/wp-content\/uploads\/sites\/3\/2025\/02\/DSC_1038b-1-scaled.jpg 2560w, https:\/\/intercave.sav.sk\/en\/wp-content\/uploads\/sites\/3\/2025\/02\/DSC_1038b-1-300x200.jpg 300w, https:\/\/intercave.sav.sk\/en\/wp-content\/uploads\/sites\/3\/2025\/02\/DSC_1038b-1-1024x683.jpg 1024w, https:\/\/intercave.sav.sk\/en\/wp-content\/uploads\/sites\/3\/2025\/02\/DSC_1038b-1-768x512.jpg 768w, https:\/\/intercave.sav.sk\/en\/wp-content\/uploads\/sites\/3\/2025\/02\/DSC_1038b-1-1536x1024.jpg 1536w, https:\/\/intercave.sav.sk\/en\/wp-content\/uploads\/sites\/3\/2025\/02\/DSC_1038b-1-2048x1365.jpg 2048w, https:\/\/intercave.sav.sk\/en\/wp-content\/uploads\/sites\/3\/2025\/02\/DSC_1038b-1-360x240.jpg 360w, https:\/\/intercave.sav.sk\/en\/wp-content\/uploads\/sites\/3\/2025\/02\/DSC_1038b-1-600x400.jpg 600w\" sizes=\"(max-width: 2560px) 100vw, 2560px\" \/><\/a><\/figure><div class=\"elementor-image-box-content\"><h3 class=\"elementor-image-box-title\"><a href=\"http:\/\/intercave.sav.sk\/en\/derava-skala\/\">Derav\u00e1 skala<\/a><\/h3><\/div><\/div>\t\t\t\t<\/div>\n\t\t\t\t<\/div>\n\t\t\t\t<\/div>\n\t\t<div class=\"elementor-element elementor-element-ad8a794 e-con-full e-flex e-con e-child\" data-id=\"ad8a794\" data-element_type=\"container\">\n\t\t\t\t<div class=\"elementor-element elementor-element-0495eba elementor-position-top elementor-widget elementor-widget-image-box\" data-id=\"0495eba\" data-element_type=\"widget\" data-widget_type=\"image-box.default\">\n\t\t\t\t<div class=\"elementor-widget-container\">\n\t\t\t\t\t<div class=\"elementor-image-box-wrapper\"><figure class=\"elementor-image-box-img\"><a href=\"http:\/\/intercave.sav.sk\/en\/huciva-diera\/\/\" tabindex=\"-1\"><img decoding=\"async\" width=\"2048\" height=\"1331\" src=\"https:\/\/intercave.sav.sk\/en\/wp-content\/uploads\/sites\/3\/2025\/02\/Jaskinia_nad_Huczawa.jpg\" class=\"attachment-full size-full wp-image-438\" alt=\"\" srcset=\"https:\/\/intercave.sav.sk\/en\/wp-content\/uploads\/sites\/3\/2025\/02\/Jaskinia_nad_Huczawa.jpg 2048w, https:\/\/intercave.sav.sk\/en\/wp-content\/uploads\/sites\/3\/2025\/02\/Jaskinia_nad_Huczawa-300x195.jpg 300w, https:\/\/intercave.sav.sk\/en\/wp-content\/uploads\/sites\/3\/2025\/02\/Jaskinia_nad_Huczawa-1024x666.jpg 1024w, https:\/\/intercave.sav.sk\/en\/wp-content\/uploads\/sites\/3\/2025\/02\/Jaskinia_nad_Huczawa-768x499.jpg 768w, https:\/\/intercave.sav.sk\/en\/wp-content\/uploads\/sites\/3\/2025\/02\/Jaskinia_nad_Huczawa-1536x998.jpg 1536w, https:\/\/intercave.sav.sk\/en\/wp-content\/uploads\/sites\/3\/2025\/02\/Jaskinia_nad_Huczawa-600x390.jpg 600w\" sizes=\"(max-width: 2048px) 100vw, 2048px\" \/><\/a><\/figure><div class=\"elementor-image-box-content\"><h3 class=\"elementor-image-box-title\"><a href=\"http:\/\/intercave.sav.sk\/en\/huciva-diera\/\/\">Hu\u010div\u00e1 diera<\/a><\/h3><\/div><\/div>\t\t\t\t<\/div>\n\t\t\t\t<\/div>\n\t\t\t\t<\/div>\n\t\t<div class=\"elementor-element elementor-element-030c0f1 e-con-full e-flex e-con e-child\" data-id=\"030c0f1\" data-element_type=\"container\">\n\t\t\t\t<div class=\"elementor-element elementor-element-39a0f5d elementor-position-top elementor-widget elementor-widget-image-box\" data-id=\"39a0f5d\" data-element_type=\"widget\" data-widget_type=\"image-box.default\">\n\t\t\t\t<div class=\"elementor-widget-container\">\n\t\t\t\t\t<div class=\"elementor-image-box-wrapper\"><figure class=\"elementor-image-box-img\"><a href=\"http:\/\/intercave.sav.sk\/en\/velka-ruzinska-jaskyna\/\" tabindex=\"-1\"><img decoding=\"async\" width=\"2000\" height=\"1333\" src=\"https:\/\/intercave.sav.sk\/en\/wp-content\/uploads\/sites\/3\/2025\/02\/DSC_8733b.jpg\" class=\"attachment-full size-full wp-image-448\" alt=\"\" srcset=\"https:\/\/intercave.sav.sk\/en\/wp-content\/uploads\/sites\/3\/2025\/02\/DSC_8733b.jpg 2000w, https:\/\/intercave.sav.sk\/en\/wp-content\/uploads\/sites\/3\/2025\/02\/DSC_8733b-300x200.jpg 300w, https:\/\/intercave.sav.sk\/en\/wp-content\/uploads\/sites\/3\/2025\/02\/DSC_8733b-1024x682.jpg 1024w, https:\/\/intercave.sav.sk\/en\/wp-content\/uploads\/sites\/3\/2025\/02\/DSC_8733b-768x512.jpg 768w, https:\/\/intercave.sav.sk\/en\/wp-content\/uploads\/sites\/3\/2025\/02\/DSC_8733b-1536x1024.jpg 1536w, https:\/\/intercave.sav.sk\/en\/wp-content\/uploads\/sites\/3\/2025\/02\/DSC_8733b-360x240.jpg 360w, https:\/\/intercave.sav.sk\/en\/wp-content\/uploads\/sites\/3\/2025\/02\/DSC_8733b-600x400.jpg 600w\" sizes=\"(max-width: 2000px) 100vw, 2000px\" \/><\/a><\/figure><div class=\"elementor-image-box-content\"><h3 class=\"elementor-image-box-title\"><a href=\"http:\/\/intercave.sav.sk\/en\/velka-ruzinska-jaskyna\/\">Ve\u013ek\u00e1 ru\u017e\u00ednska cave<\/a><\/h3><\/div><\/div>\t\t\t\t<\/div>\n\t\t\t\t<\/div>\n\t\t\t\t<\/div>\n\t\t<div class=\"elementor-element elementor-element-ec080e8 e-con-full e-flex e-con e-child\" data-id=\"ec080e8\" data-element_type=\"container\">\n\t\t\t\t<div class=\"elementor-element elementor-element-392ce14 elementor-position-top elementor-widget elementor-widget-image-box\" data-id=\"392ce14\" data-element_type=\"widget\" data-widget_type=\"image-box.default\">\n\t\t\t\t<div class=\"elementor-widget-container\">\n\t\t\t\t\t<div class=\"elementor-image-box-wrapper\"><figure class=\"elementor-image-box-img\"><a href=\"http:\/\/intercave.sav.sk\/en\/certova-pec\/\" tabindex=\"-1\"><img loading=\"lazy\" decoding=\"async\" width=\"1280\" height=\"844\" src=\"https:\/\/intercave.sav.sk\/en\/wp-content\/uploads\/sites\/3\/2024\/12\/DSCF2017.jpg\" class=\"attachment-full size-full wp-image-20\" alt=\"\" srcset=\"https:\/\/intercave.sav.sk\/en\/wp-content\/uploads\/sites\/3\/2024\/12\/DSCF2017.jpg 1280w, https:\/\/intercave.sav.sk\/en\/wp-content\/uploads\/sites\/3\/2024\/12\/DSCF2017-300x198.jpg 300w, https:\/\/intercave.sav.sk\/en\/wp-content\/uploads\/sites\/3\/2024\/12\/DSCF2017-1024x675.jpg 1024w, https:\/\/intercave.sav.sk\/en\/wp-content\/uploads\/sites\/3\/2024\/12\/DSCF2017-768x506.jpg 768w, https:\/\/intercave.sav.sk\/en\/wp-content\/uploads\/sites\/3\/2024\/12\/DSCF2017-600x396.jpg 600w\" sizes=\"(max-width: 1280px) 100vw, 1280px\" \/><\/a><\/figure><div class=\"elementor-image-box-content\"><h3 class=\"elementor-image-box-title\"><a href=\"http:\/\/intercave.sav.sk\/en\/certova-pec\/\">\u010certova pec<\/a><\/h3><\/div><\/div>\t\t\t\t<\/div>\n\t\t\t\t<\/div>\n\t\t\t\t<\/div>\n\t\t\t\t\t<\/div>\n\t\t\t\t<\/div>\n\t\t\t\t<\/div>\n\t\t","protected":false},"excerpt":{"rendered":"<p>Caves Derav\u00e1 skala Hu\u010div\u00e1 diera Ve\u013ek\u00e1 ru\u017e\u00ednska cave \u010certova pec<\/p>\n","protected":false},"author":1,"featured_media":141,"parent":0,"menu_order":2,"comment_status":"closed","ping_status":"closed","template":"","meta":{"_surecart_dashboard_logo_width":"180px","_surecart_dashboard_show_logo":true,"_surecart_dashboard_navigation_orders":true,"_surecart_dashboard_navigation_invoices":true,"_surecart_dashboard_navigation_subscriptions":true,"_surecart_dashboard_navigation_downloads":true,"_surecart_dashboard_navigation_billing":true,"_surecart_dashboard_navigation_account":true,"_themeisle_gutenberg_block_has_review":false,"footnotes":""},"class_list":["post-75","page","type-page","status-publish","has-post-thumbnail","hentry"],"_links":{"self":[{"href":"https:\/\/intercave.sav.sk\/en\/wp-json\/wp\/v2\/pages\/75","targetHints":{"allow":["GET"]}}],"collection":[{"href":"https:\/\/intercave.sav.sk\/en\/wp-json\/wp\/v2\/pages"}],"about":[{"href":"https:\/\/intercave.sav.sk\/en\/wp-json\/wp\/v2\/types\/page"}],"author":[{"embeddable":true,"href":"https:\/\/intercave.sav.sk\/en\/wp-json\/wp\/v2\/users\/1"}],"replies":[{"embeddable":true,"href":"https:\/\/intercave.sav.sk\/en\/wp-json\/wp\/v2\/comments?post=75"}],"version-history":[{"count":57,"href":"https:\/\/intercave.sav.sk\/en\/wp-json\/wp\/v2\/pages\/75\/revisions"}],"predecessor-version":[{"id":454,"href":"https:\/\/intercave.sav.sk\/en\/wp-json\/wp\/v2\/pages\/75\/revisions\/454"}],"wp:featuredmedia":[{"embeddable":true,"href":"https:\/\/intercave.sav.sk\/en\/wp-json\/wp\/v2\/media\/141"}],"wp:attachment":[{"href":"https:\/\/intercave.sav.sk\/en\/wp-json\/wp\/v2\/media?parent=75"}],"curies":[{"name":"wp","href":"https:\/\/api.w.org\/{rel}","templated":true}]}}