{"id":15,"date":"2024-12-16T20:22:20","date_gmt":"2024-12-16T19:22:20","guid":{"rendered":"http:\/\/intercave.local\/en\/cart\/"},"modified":"2024-12-24T22:58:56","modified_gmt":"2024-12-24T21:58:56","slug":"cart","status":"publish","type":"page","link":"https:\/\/intercave.sav.sk\/en\/","title":{"rendered":"INTERCAVE"},"content":{"rendered":"\t\t<div data-elementor-type=\"wp-page\" data-elementor-id=\"15\" class=\"elementor elementor-15\">\n\t\t\t\t<div class=\"elementor-element elementor-element-f5a7e1b e-con-full e-flex e-con e-parent\" data-id=\"f5a7e1b\" data-element_type=\"container\">\n\t\t\t\t<div class=\"elementor-element elementor-element-2ea8890 elementor-widget elementor-widget-heading\" data-id=\"2ea8890\" data-element_type=\"widget\" data-widget_type=\"heading.default\">\n\t\t\t\t<div class=\"elementor-widget-container\">\n\t\t\t\t\t<h2 class=\"elementor-heading-title elementor-size-default\">INTERCAVE project<\/h2>\t\t\t\t<\/div>\n\t\t\t\t<\/div>\n\t\t\t\t<\/div>\n\t\t<div class=\"elementor-element elementor-element-7067e6c e-con-full e-flex e-con e-parent\" data-id=\"7067e6c\" data-element_type=\"container\">\n\t\t\t\t<div class=\"elementor-element elementor-element-424c1fb elementor-widget elementor-widget-text-editor\" data-id=\"424c1fb\" data-element_type=\"widget\" data-widget_type=\"text-editor.default\">\n\t\t\t\t<div class=\"elementor-widget-container\">\n\t\t\t\t\t\t\t\t\t<p>Slovakia, thanks to its geological structure and geomorphology, possesses a significant number of caves. Their sedimentary fill represents a crucial source of information about the development of climate, the natural environment, and human utilization of the landscape in the past. The first archaeological excavations have primarily focused on discovering traces of human occupation within the caves. Despite the available possibilities, minimal attention has been given to understanding human interaction with the natural environment. Contemporary research has made substantial progress compared to early field investigations, owing to a modern multidisciplinary approach. This approach encompasses not only the processing of archaeological finds but also a detailed analysis of the stratigraphic context, incorporating paleobotanical, paleozoological, geological, sedimentological, and paleopedological analyses. The potential of employing various scientific methods is evidenced by initial results from Hu\u010div\u00e1 diera near Tatransk\u00e1 Lomnica, the Ve\u013ek\u00e1 ru\u017e\u00ednska Cave, and from sites under rock shelters in Ru\u017e\u00edn. The INTERCAVE project builds upon the research conducted at these sites and includes Derav\u00e1 skala near Plaveck\u00fd Mikul\u00e1\u0161 and the \u010certova pec near Rado\u0161ina. The project aims for multi- and interdisciplinary processing, including the evaluation of proxy data obtained, with the intention of validating existing hypotheses regarding the evolution of climate and environment and their impact on prehistoric societies in the regions under study.<\/p>\t\t\t\t\t\t\t\t<\/div>\n\t\t\t\t<\/div>\n\t\t\t\t<\/div>\n\t\t<div class=\"elementor-element elementor-element-56ad346 e-con-full e-flex e-con e-parent\" data-id=\"56ad346\" data-element_type=\"container\">\n\t\t<div class=\"elementor-element elementor-element-276bd21 e-con-full e-flex e-con e-child\" data-id=\"276bd21\" data-element_type=\"container\">\n\t\t\t\t<div class=\"elementor-element elementor-element-f753430 elementor-widget elementor-widget-text-editor\" data-id=\"f753430\" data-element_type=\"widget\" data-widget_type=\"text-editor.default\">\n\t\t\t\t<div class=\"elementor-widget-container\">\n\t\t\t\t\t\t\t\t\t<p><i>Harmonogram of archaeological excavations:<\/i><\/p><p>2024 &#8211; Derav\u00e1 skala, Hu\u010div\u00e1 diera<\/p><p>2025 &#8211; Ve\u013ek\u00e1 ru\u017e\u00ednska jasky\u0148a<\/p><p>2026 &#8211; \u010certova pec<\/p>\t\t\t\t\t\t\t\t<\/div>\n\t\t\t\t<\/div>\n\t\t\t\t<\/div>\n\t\t\t\t<\/div>\n\t\t\t\t<\/div>\n\t\t","protected":false},"excerpt":{"rendered":"<p>INTERCAVE project Slovakia, thanks to its geological structure and geomorphology, possesses a significant number of caves. Their sedimentary fill represents a crucial source of information about the development of climate, the natural environment, and human utilization of the landscape in the past. The first archaeological excavations have primarily focused on [&hellip;]<\/p>\n","protected":false},"author":1,"featured_media":423,"parent":0,"menu_order":1,"comment_status":"open","ping_status":"closed","template":"","meta":{"_surecart_dashboard_logo_width":"180px","_surecart_dashboard_show_logo":true,"_surecart_dashboard_navigation_orders":true,"_surecart_dashboard_navigation_invoices":true,"_surecart_dashboard_navigation_subscriptions":true,"_surecart_dashboard_navigation_downloads":true,"_surecart_dashboard_navigation_billing":true,"_surecart_dashboard_navigation_account":true,"_themeisle_gutenberg_block_has_review":false,"footnotes":""},"class_list":["post-15","page","type-page","status-publish","has-post-thumbnail","hentry"],"_links":{"self":[{"href":"https:\/\/intercave.sav.sk\/en\/wp-json\/wp\/v2\/pages\/15","targetHints":{"allow":["GET"]}}],"collection":[{"href":"https:\/\/intercave.sav.sk\/en\/wp-json\/wp\/v2\/pages"}],"about":[{"href":"https:\/\/intercave.sav.sk\/en\/wp-json\/wp\/v2\/types\/page"}],"author":[{"embeddable":true,"href":"https:\/\/intercave.sav.sk\/en\/wp-json\/wp\/v2\/users\/1"}],"replies":[{"embeddable":true,"href":"https:\/\/intercave.sav.sk\/en\/wp-json\/wp\/v2\/comments?post=15"}],"version-history":[{"count":61,"href":"https:\/\/intercave.sav.sk\/en\/wp-json\/wp\/v2\/pages\/15\/revisions"}],"predecessor-version":[{"id":369,"href":"https:\/\/intercave.sav.sk\/en\/wp-json\/wp\/v2\/pages\/15\/revisions\/369"}],"wp:featuredmedia":[{"embeddable":true,"href":"https:\/\/intercave.sav.sk\/en\/wp-json\/wp\/v2\/media\/423"}],"wp:attachment":[{"href":"https:\/\/intercave.sav.sk\/en\/wp-json\/wp\/v2\/media?parent=15"}],"curies":[{"name":"wp","href":"https:\/\/api.w.org\/{rel}","templated":true}]}}